{"id":800,"date":"2016-02-29T13:10:37","date_gmt":"2016-02-29T13:10:37","guid":{"rendered":"http:\/\/test.kriesi.at\/travel\/?page_id=2"},"modified":"2022-08-18T09:31:13","modified_gmt":"2022-08-18T09:31:13","slug":"home","status":"publish","type":"page","link":"https:\/\/b-neo-sensors.com\/de\/","title":{"rendered":"Home"},"content":{"rendered":"\n<style type=\"text\/css\" data-created_by=\"avia_inline_auto\" id=\"style-css-av-2l03hc-d8dcbc7a73ca4a21bf8e64be8d439254\">\n.avia-section.av-2l03hc-d8dcbc7a73ca4a21bf8e64be8d439254{\nbackground-repeat:no-repeat;\nbackground-image:url(https:\/\/b-neo-sensors.com\/wp-content\/uploads\/2021\/11\/b-neo_home-header_1920_new.jpg);\nbackground-position:50% 50%;\nbackground-attachment:scroll;\n}\n<\/style>\n<div id='av_section_1'  class='avia-section av-2l03hc-d8dcbc7a73ca4a21bf8e64be8d439254 main_color avia-section-default avia-no-border-styling  avia-builder-el-0  el_before_av_section  avia-builder-el-first  canvas-container avia-bg-style-scroll av-minimum-height av-minimum-height-75 av-height-75  container_wrap sidebar_right'  data-section-bg-repeat='no-repeat' data-av_minimum_height_pc='75' data-av_min_height_opt='75'><div class='container av-section-cont-open' ><main  role=\"main\" itemprop=\"mainContentOfPage\"  class='template-page content  av-content-small alpha units'><div class='post-entry post-entry-type-page post-entry-800'><div class='entry-content-wrapper clearfix'>\n\n<style type=\"text\/css\" data-created_by=\"avia_inline_auto\" id=\"style-css-av-9r9og-dd8dae9469d89fba04e4e712f9aced2b\">\n.flex_column.av-9r9og-dd8dae9469d89fba04e4e712f9aced2b{\nborder-radius:0px 0px 0px 0px;\npadding:0px 0px 0px 0px;\n}\n<\/style>\n<div  class='flex_column av-9r9og-dd8dae9469d89fba04e4e712f9aced2b av_one_full  avia-builder-el-1  avia-builder-el-no-sibling  first flex_column_div av-zero-column-padding  '     ><p><br \/>\n\n<style type=\"text\/css\" data-created_by=\"avia_inline_auto\" id=\"style-css-av-kvb1ek1x-c5e6c36accf268ae1849d17e35f747eb\">\n.avia-image-container.av-kvb1ek1x-c5e6c36accf268ae1849d17e35f747eb img.avia_image{\nbox-shadow:none;\n}\n.avia-image-container.av-kvb1ek1x-c5e6c36accf268ae1849d17e35f747eb .av-image-caption-overlay-center{\ncolor:#ffffff;\n}\n<\/style>\n<div  class='avia-image-container av-kvb1ek1x-c5e6c36accf268ae1849d17e35f747eb av-styling- avia-align-center  avia-builder-el-3  el_after_av_codeblock  avia-builder-el-last '   itemprop=\"image\" itemscope=\"itemscope\" itemtype=\"https:\/\/schema.org\/ImageObject\" ><div class=\"avia-image-container-inner\"><div class=\"avia-image-overlay-wrap\"><img decoding=\"async\" fetchpriority=\"high\" class='wp-image-8660 avia-img-lazy-loading-not-8660 avia_image ' src=\"https:\/\/b-neo-sensors.com\/wp-content\/uploads\/2021\/10\/b-neo_b-new-2.png\" alt='' title='b-neo_b-new-2'  height=\"145\" width=\"1088\"  itemprop=\"thumbnailUrl\" srcset=\"https:\/\/b-neo-sensors.com\/wp-content\/uploads\/2021\/10\/b-neo_b-new-2.png 1088w, https:\/\/b-neo-sensors.com\/wp-content\/uploads\/2021\/10\/b-neo_b-new-2-300x40.png 300w, https:\/\/b-neo-sensors.com\/wp-content\/uploads\/2021\/10\/b-neo_b-new-2-1030x137.png 1030w, https:\/\/b-neo-sensors.com\/wp-content\/uploads\/2021\/10\/b-neo_b-new-2-768x102.png 768w, https:\/\/b-neo-sensors.com\/wp-content\/uploads\/2021\/10\/b-neo_b-new-2-705x94.png 705w, https:\/\/b-neo-sensors.com\/wp-content\/uploads\/2021\/10\/b-neo_b-new-2-450x60.png 450w\" sizes=\"(max-width: 1088px) 100vw, 1088px\" \/><\/div><\/div><\/div><\/p><\/div>\n\n<\/div><\/div><\/main><!-- close content main element --><\/div><\/div><div id='av_section_2'  class='avia-section av-29vuj4-611989f3cad9ec06da269aa330961e5a main_color avia-section-default avia-no-border-styling  avia-builder-el-4  el_after_av_section  el_before_av_section  avia-bg-style-scroll container_wrap sidebar_right'  ><div class='container av-section-cont-open' ><div class='template-page content  av-content-small alpha units'><div class='post-entry post-entry-type-page post-entry-800'><div class='entry-content-wrapper clearfix'>\n\n<style type=\"text\/css\" data-created_by=\"avia_inline_auto\" id=\"style-css-av-8fu48-ff32f5288bed2b1c88f0ee26b1d297d0\">\n#top .av-special-heading.av-8fu48-ff32f5288bed2b1c88f0ee26b1d297d0{\npadding-bottom:10px;\nfont-size:70px;\n}\nbody .av-special-heading.av-8fu48-ff32f5288bed2b1c88f0ee26b1d297d0 .av-special-heading-tag .heading-char{\nfont-size:25px;\n}\n#top #wrap_all .av-special-heading.av-8fu48-ff32f5288bed2b1c88f0ee26b1d297d0 .av-special-heading-tag{\nfont-size:70px;\n}\n.av-special-heading.av-8fu48-ff32f5288bed2b1c88f0ee26b1d297d0 .av-subheading{\nfont-size:15px;\n}\n\n@media only screen and (min-width: 480px) and (max-width: 767px){ \n#top #wrap_all .av-special-heading.av-8fu48-ff32f5288bed2b1c88f0ee26b1d297d0 .av-special-heading-tag{\nfont-size:0.8em;\n}\n}\n\n@media only screen and (max-width: 479px){ \n#top #wrap_all .av-special-heading.av-8fu48-ff32f5288bed2b1c88f0ee26b1d297d0 .av-special-heading-tag{\nfont-size:0.8em;\n}\n}\n<\/style>\n<div  class='av-special-heading av-8fu48-ff32f5288bed2b1c88f0ee26b1d297d0 av-special-heading-h1 blockquote modern-quote  avia-builder-el-5  el_before_av_one_half  avia-builder-el-first  intro-line av-inherit-size'><h1 class='av-special-heading-tag '  itemprop=\"headline\"  >B-Neo smartes Sensoren\u00adsystem<\/h1><div class=\"special-heading-border\"><div class=\"special-heading-inner-border\"><\/div><\/div><\/div>\n\n<style type=\"text\/css\" data-created_by=\"avia_inline_auto\" id=\"style-css-av-1yjioo-011a60873706da43e2cb21693f873590\">\n.flex_column.av-1yjioo-011a60873706da43e2cb21693f873590{\nborder-radius:0px 0px 0px 0px;\npadding:0px 0px 0px 0px;\n}\n<\/style>\n<div  class='flex_column av-1yjioo-011a60873706da43e2cb21693f873590 av_one_half  avia-builder-el-6  el_after_av_heading  el_before_av_one_half  first flex_column_div av-zero-column-padding  '     ><section  class='av_textblock_section av-kuwe8dwy-c21a047ffadafe493d3283f0ea5a3b02 '   itemscope=\"itemscope\" itemtype=\"https:\/\/schema.org\/CreativeWork\" ><div class='avia_textblock'  itemprop=\"text\" ><p class=\"p1\">Welche Technologie kann unser t\u00e4gliches Leben nachhaltig ver\u00e4ndern? Uns ein gutes Gef\u00fchl geben, das Leben ges\u00fcnder, effizienter, sicherer und reichhaltiger machen? Egal ob Sie fahren, laufen, Sport treiben, Gamen, Zeit mit der Familie verbringen, oder schlafen?<\/p>\n<p class=\"p1\">Seit geraumer Zeit haben wir uns mit diesen Fragen besch\u00e4ftigt, Hard- und Software entwickelt, gepr\u00fcft und ausgiebig getestet. Unsere Antwort darauf ist B-Neo, das Next-Generation Sensorensystem von B-Horizon.<span class=\"Apple-converted-space\">\u00a0<\/span><\/p>\n<p class=\"p1\">Gemeinsam mit unseren Partnern, die jeweils f\u00fchrende Spezialisten in ihrer Branche sind, schaffen wir mit B-Neo innovative Produkte, f\u00fcr die W\u00fcnsche und Bedarfe der Kunden von morgen.<\/p>\n<\/div><\/section><\/div>\n<style type=\"text\/css\" data-created_by=\"avia_inline_auto\" id=\"style-css-av-1oteio-bafb2686ede2dc9c3fb2d9f46bf36751\">\n.flex_column.av-1oteio-bafb2686ede2dc9c3fb2d9f46bf36751{\nborder-radius:0px 0px 0px 0px;\npadding:0px 0px 0px 0px;\n}\n<\/style>\n<div  class='flex_column av-1oteio-bafb2686ede2dc9c3fb2d9f46bf36751 av_one_half  avia-builder-el-8  el_after_av_one_half  avia-builder-el-last  flex_column_div av-zero-column-padding  '     ><style type=\"text\/css\" data-created_by=\"avia_inline_auto\" id=\"style-css-av-kvkxw6bj-33ef726a4954eb83366cba748c15d881\">\n.avia-image-container.av-kvkxw6bj-33ef726a4954eb83366cba748c15d881 img.avia_image{\nbox-shadow:none;\n}\n.avia-image-container.av-kvkxw6bj-33ef726a4954eb83366cba748c15d881 .av-image-caption-overlay-center{\ncolor:#ffffff;\n}\n<\/style>\n<div  class='avia-image-container av-kvkxw6bj-33ef726a4954eb83366cba748c15d881 av-styling- avia-align-center  avia-builder-el-9  avia-builder-el-no-sibling '   itemprop=\"image\" itemscope=\"itemscope\" itemtype=\"https:\/\/schema.org\/ImageObject\" ><div class=\"avia-image-container-inner\"><div class=\"avia-image-overlay-wrap\"><img decoding=\"async\" fetchpriority=\"high\" class='wp-image-9116 avia-img-lazy-loading-not-9116 avia_image ' src=\"https:\/\/b-neo-sensors.com\/wp-content\/uploads\/2021\/11\/b-neo_smart-home_550.jpg\" alt='B-Neo - Smarthome' title='B-Neo - Smarthome'  height=\"309\" width=\"550\"  itemprop=\"thumbnailUrl\" srcset=\"https:\/\/b-neo-sensors.com\/wp-content\/uploads\/2021\/11\/b-neo_smart-home_550.jpg 550w, https:\/\/b-neo-sensors.com\/wp-content\/uploads\/2021\/11\/b-neo_smart-home_550-300x169.jpg 300w, https:\/\/b-neo-sensors.com\/wp-content\/uploads\/2021\/11\/b-neo_smart-home_550-450x253.jpg 450w\" sizes=\"(max-width: 550px) 100vw, 550px\" \/><\/div><\/div><\/div><\/div>\n\n<\/div><\/div><\/div><!-- close content main div --><\/div><\/div>\n<style type=\"text\/css\" data-created_by=\"avia_inline_auto\" id=\"style-css-av-5qhhk-617bc323c12dea43c74a50dc0a2d91d7\">\n.avia-section.av-5qhhk-617bc323c12dea43c74a50dc0a2d91d7{\nbackground-color:#17a9c6;\nbackground-image:unset;\n}\n<\/style>\n<div id='av_section_3'  class='avia-section av-5qhhk-617bc323c12dea43c74a50dc0a2d91d7 main_color avia-section-default avia-no-border-styling  avia-builder-el-10  el_after_av_section  el_before_av_section  excess-margin blue-background avia-bg-style-scroll container_wrap sidebar_right'  ><div class='container av-section-cont-open' ><div class='template-page content  av-content-small alpha units'><div class='post-entry post-entry-type-page post-entry-800'><div class='entry-content-wrapper clearfix'>\n\n<style type=\"text\/css\" data-created_by=\"avia_inline_auto\" id=\"style-css-av-1cmmzs-38844bc1b1658316a543483743f45b1c\">\n.flex_column.av-1cmmzs-38844bc1b1658316a543483743f45b1c{\nborder-radius:0px 0px 0px 0px;\npadding:0px 0px 0px 0px;\n}\n<\/style>\n<div  class='flex_column av-1cmmzs-38844bc1b1658316a543483743f45b1c av_one_full  avia-builder-el-11  el_before_av_one_fifth  avia-builder-el-first  first flex_column_div av-zero-column-padding  '     ><section  class='av_textblock_section av-kuweah4j-bfce3040d2c425cab1a49a22cb5741e0 '   itemscope=\"itemscope\" itemtype=\"https:\/\/schema.org\/CreativeWork\" ><div class='avia_textblock whiteFont'  itemprop=\"text\" ><h2 style=\"text-align: center;\"><b>Vielf\u00e4ltige Anwendungs\u00adbereiche<\/b><\/h2>\n<\/div><\/section><br \/>\n\n<style type=\"text\/css\" data-created_by=\"avia_inline_auto\" id=\"style-css-av-kuweazjt-f5b374742c5186b38d014e17ca427240\">\n#top .hr.av-kuweazjt-f5b374742c5186b38d014e17ca427240{\nmargin-top:0px;\nmargin-bottom:30px;\n}\n.hr.av-kuweazjt-f5b374742c5186b38d014e17ca427240 .hr-inner{\nwidth:150px;\nborder-color:#ffffff;\n}\n<\/style>\n<div  class='hr av-kuweazjt-f5b374742c5186b38d014e17ca427240 hr-custom  avia-builder-el-13  el_after_av_textblock  avia-builder-el-last  hr-center hr-icon-no'><span class='hr-inner inner-border-av-border-fat'><span class=\"hr-inner-style\"><\/span><\/span><\/div><\/p><\/div>\n<style type=\"text\/css\" data-created_by=\"avia_inline_auto\" id=\"style-css-av-lnnqw-f734b96cbb348175064d87ae048274f0\">\n.flex_column.av-lnnqw-f734b96cbb348175064d87ae048274f0{\nborder-radius:0px 0px 0px 0px;\npadding:0px 0px 0px 0px;\n}\n<\/style>\n<div  class='flex_column av-lnnqw-f734b96cbb348175064d87ae048274f0 av_one_fifth  avia-builder-el-14  el_after_av_one_full  el_before_av_three_fifth  first flex_column_div av-zero-column-padding  column-top-margin'     ><\/div>\n<style type=\"text\/css\" data-created_by=\"avia_inline_auto\" id=\"style-css-av-g8rjk-1524dd73c06c0cf79a46e94a5f4430e9\">\n.flex_column.av-g8rjk-1524dd73c06c0cf79a46e94a5f4430e9{\nborder-radius:0px 0px 0px 0px;\npadding:0px 0px 0px 0px;\n}\n<\/style>\n<div  class='flex_column av-g8rjk-1524dd73c06c0cf79a46e94a5f4430e9 av_three_fifth  avia-builder-el-15  el_after_av_one_fifth  el_before_av_one_fifth  biggerFontSize flex_column_div av-zero-column-padding  column-top-margin'     ><section  class='av_textblock_section av-kuwebcoh-ff7226bb42b64155b2f279b4662a887a '   itemscope=\"itemscope\" itemtype=\"https:\/\/schema.org\/CreativeWork\" ><div class='avia_textblock'  itemprop=\"text\" ><p class=\"p1\" style=\"text-align: center;\"><strong>Als neuartiges smartes Sensorensystem kann B-Neo mehrere Parameter gleichzeitig messen, und zwar in unterschiedlichen Anwendungsfeldern wie Autositzen, Sportkleidung und -schuhen, haptischen Gaming Suits, Windeln und Matratzen.<span class=\"Apple-converted-space\">\u00a0<\/span><\/strong><\/p>\n<\/div><\/section><\/div>\n<style type=\"text\/css\" data-created_by=\"avia_inline_auto\" id=\"style-css-av-935mg-84d4039a64388e645da2265bc108b112\">\n.flex_column.av-935mg-84d4039a64388e645da2265bc108b112{\nborder-radius:0px 0px 0px 0px;\npadding:0px 0px 0px 0px;\n}\n<\/style>\n<div  class='flex_column av-935mg-84d4039a64388e645da2265bc108b112 av_one_fifth  avia-builder-el-17  el_after_av_three_fifth  avia-builder-el-last  flex_column_div av-zero-column-padding  column-top-margin'     ><\/div>\n\n<\/div><\/div><\/div><!-- close content main div --><\/div><\/div><div id='av_section_4'  class='avia-section av-13iqzc-31cc7304a311506d9280619a2739c447 main_color avia-section-default avia-no-border-styling  avia-builder-el-18  el_after_av_section  el_before_av_section  padbo-xl-none fullw-img avia-bg-style-scroll container_wrap sidebar_right'  ><div class='container av-section-cont-open' ><div class='template-page content  av-content-small alpha units'><div class='post-entry post-entry-type-page post-entry-800'><div class='entry-content-wrapper clearfix'>\n\n<style type=\"text\/css\" data-created_by=\"avia_inline_auto\" id=\"style-css-av-vd8mg-5e5e211a63fea281308578d34a22d35e\">\n.flex_column.av-vd8mg-5e5e211a63fea281308578d34a22d35e{\nborder-radius:0px 0px 0px 0px;\npadding:0px 0px 0px 0px;\n}\n<\/style>\n<div  class='flex_column av-vd8mg-5e5e211a63fea281308578d34a22d35e av_one_half  avia-builder-el-19  el_before_av_one_half  avia-builder-el-first  first flex_column_div av-zero-column-padding  '     ><style type=\"text\/css\" data-created_by=\"avia_inline_auto\" id=\"style-css-av-ruzvc-ff566c4f34bfe37276384a9510db3adf\">\n.avia-image-container.av-ruzvc-ff566c4f34bfe37276384a9510db3adf img.avia_image{\nbox-shadow:none;\n}\n.avia-image-container.av-ruzvc-ff566c4f34bfe37276384a9510db3adf .av-image-caption-overlay-center{\ncolor:#ffffff;\n}\n<\/style>\n<div  class='avia-image-container av-ruzvc-ff566c4f34bfe37276384a9510db3adf av-styling- avia-align-left  avia-builder-el-20  avia-builder-el-no-sibling  paddingbo'   itemprop=\"image\" itemscope=\"itemscope\" itemtype=\"https:\/\/schema.org\/ImageObject\" ><div class=\"avia-image-container-inner\"><div class=\"avia-image-overlay-wrap\"><img decoding=\"async\" fetchpriority=\"high\" class='wp-image-9118 avia-img-lazy-loading-not-9118 avia_image ' src=\"https:\/\/b-neo-sensors.com\/wp-content\/uploads\/2021\/11\/b-neo_automotive_550.jpg\" alt='B-Neo - Automobil' title='B-Neo - Automobil'  height=\"367\" width=\"550\"  itemprop=\"thumbnailUrl\" srcset=\"https:\/\/b-neo-sensors.com\/wp-content\/uploads\/2021\/11\/b-neo_automotive_550.jpg 550w, https:\/\/b-neo-sensors.com\/wp-content\/uploads\/2021\/11\/b-neo_automotive_550-300x200.jpg 300w, https:\/\/b-neo-sensors.com\/wp-content\/uploads\/2021\/11\/b-neo_automotive_550-450x300.jpg 450w\" sizes=\"(max-width: 550px) 100vw, 550px\" \/><\/div><\/div><\/div><\/div>\n<style type=\"text\/css\" data-created_by=\"avia_inline_auto\" id=\"style-css-av-d4u80-83fe785d1626032cbe4d562d3a5e77c8\">\n.flex_column.av-d4u80-83fe785d1626032cbe4d562d3a5e77c8{\nborder-radius:0px 0px 0px 0px;\npadding:0px 0px 0px 0px;\n}\n<\/style>\n<div  class='flex_column av-d4u80-83fe785d1626032cbe4d562d3a5e77c8 av_one_half  avia-builder-el-21  el_after_av_one_half  avia-builder-el-last  flex_column_div av-zero-column-padding  '     ><section  class='av_textblock_section av-kuwegirh-37edb29e7e33a1a442e944146241ae70 '   itemscope=\"itemscope\" itemtype=\"https:\/\/schema.org\/CreativeWork\" ><div class='avia_textblock paddingbo'  itemprop=\"text\" ><p>Die von den Sensoren ermittelten Daten werden mit Unterst\u00fctzung k\u00fcnstlicher Intelligenz verarbeitet, und dem Nutzer in aufbereiteter Form zur Verf\u00fcgung gestellt. Die Vorteile sind vielf\u00e4ltig: so geht es bei der Integration in den Autositz etwa um eine neue Generation von innovativer, hochaufl\u00f6sender Insassenerkennung, die \u2013 ebenso wie das zuverl\u00e4ssige Monitoring der Passagiere &#8211; f\u00fcr das zuk\u00fcnftige automatisierte Fahren ab Level 3 essenziell erforderlich ist. Auch die Weiterentwicklung und der Ausbau von Sicherheits- und Komfortfunktionen im Fahrzeuginnenraum werden von B-Neo profitieren.<\/p>\n<\/div><\/section><\/div>\n\n<\/div><\/div><\/div><!-- close content main div --><\/div><\/div><div id='av_section_5'  class='avia-section av-13iqzc-36f891936fe97d4de76a2262285d1ffb main_color avia-section-default avia-no-border-styling  avia-builder-el-23  el_after_av_section  avia-builder-el-last  flex_align_bottom offset_top_lg column_order_reverse fullw-img de avia-bg-style-scroll container_wrap sidebar_right'  ><div class='container av-section-cont-open' ><div class='template-page content  av-content-small alpha units'><div class='post-entry post-entry-type-page post-entry-800'><div class='entry-content-wrapper clearfix'>\n\n<style type=\"text\/css\" data-created_by=\"avia_inline_auto\" id=\"style-css-av-vd8mg-5e5e211a63fea281308578d34a22d35e\">\n.flex_column.av-vd8mg-5e5e211a63fea281308578d34a22d35e{\nborder-radius:0px 0px 0px 0px;\npadding:0px 0px 0px 0px;\n}\n<\/style>\n<div  class='flex_column av-vd8mg-5e5e211a63fea281308578d34a22d35e av_one_half  avia-builder-el-24  el_before_av_one_half  avia-builder-el-first  first flex_column_div av-zero-column-padding  '     ><p><section  class='av_textblock_section av-kuweig2x-5b201cefc92adbb0aefab469b67ea943 '   itemscope=\"itemscope\" itemtype=\"https:\/\/schema.org\/CreativeWork\" ><div class='avia_textblock'  itemprop=\"text\" ><p>Bei Anwendungen im Sport- oder Gamingbereich erh\u00e4lt der Nutzer unmittelbar und in Echtzeit Analysen und Hinweise, mit denen er seine Aktivit\u00e4ten bewerten und optimieren kann. Ist B-Neo im Smart Home in der Matratze integriert, steht am Morgen auf dem Mobiltelefon eine Schlafanalyse bereit.<\/p>\n<\/div><\/section><br \/>\n<section  class='av_textblock_section av-kuwekzge-863732e554842746591394c64a5e47c0 '   itemscope=\"itemscope\" itemtype=\"https:\/\/schema.org\/CreativeWork\" ><div class='avia_textblock'  itemprop=\"text\" ><p>Auch in Medizin und Pflege sind fachspezifische Anwendungen denkbar, die es erlauben, individuell auf die Bedarfe der jeweiligen Behandlung einzugehen: etwa im Bereich von OP-Nachbehandlungen, in medizinischen Hilfsmitteln wie Bandagen und Orthesen, oder durch Informationen des in die Matratze integrierten Systems an das Pflegepersonal zu den Bewegungen oder zum Gesundheitszustand des Patienten.<\/p>\n<\/div><\/section><\/p><\/div>\n<style type=\"text\/css\" data-created_by=\"avia_inline_auto\" id=\"style-css-av-d4u80-83fe785d1626032cbe4d562d3a5e77c8\">\n.flex_column.av-d4u80-83fe785d1626032cbe4d562d3a5e77c8{\nborder-radius:0px 0px 0px 0px;\npadding:0px 0px 0px 0px;\n}\n<\/style>\n<div  class='flex_column av-d4u80-83fe785d1626032cbe4d562d3a5e77c8 av_one_half  avia-builder-el-27  el_after_av_one_half  avia-builder-el-last  flex_column_div av-zero-column-padding  '     ><style type=\"text\/css\" data-created_by=\"avia_inline_auto\" id=\"style-css-av-br10g-4c50f2b580d97c1617a7e8bc2262d69b\">\n.avia-image-container.av-br10g-4c50f2b580d97c1617a7e8bc2262d69b img.avia_image{\nbox-shadow:none;\n}\n.avia-image-container.av-br10g-4c50f2b580d97c1617a7e8bc2262d69b .av-image-caption-overlay-center{\ncolor:#ffffff;\n}\n<\/style>\n<div  class='avia-image-container av-br10g-4c50f2b580d97c1617a7e8bc2262d69b av-styling- avia-align-center  avia-builder-el-28  avia-builder-el-no-sibling '   itemprop=\"image\" itemscope=\"itemscope\" itemtype=\"https:\/\/schema.org\/ImageObject\" ><div class=\"avia-image-container-inner\"><div class=\"avia-image-overlay-wrap\"><img decoding=\"async\" fetchpriority=\"high\" class='wp-image-9120 avia-img-lazy-loading-not-9120 avia_image ' src=\"https:\/\/b-neo-sensors.com\/wp-content\/uploads\/2021\/11\/b-neo_laufer02_550.jpg\" alt='B-Neo - L\u00e4ufer' title='B-Neo - L\u00e4ufer'  height=\"443\" width=\"550\"  itemprop=\"thumbnailUrl\" srcset=\"https:\/\/b-neo-sensors.com\/wp-content\/uploads\/2021\/11\/b-neo_laufer02_550.jpg 550w, https:\/\/b-neo-sensors.com\/wp-content\/uploads\/2021\/11\/b-neo_laufer02_550-300x242.jpg 300w, https:\/\/b-neo-sensors.com\/wp-content\/uploads\/2021\/11\/b-neo_laufer02_550-495x400.jpg 495w, https:\/\/b-neo-sensors.com\/wp-content\/uploads\/2021\/11\/b-neo_laufer02_550-450x362.jpg 450w\" sizes=\"(max-width: 550px) 100vw, 550px\" \/><\/div><\/div><\/div><\/div>\n<\/div><\/div><\/div><!-- close content main div --><\/div><\/div><div id='after_section_5'  class='main_color av_default_container_wrap container_wrap sidebar_right'  ><div class='container av-section-cont-open' ><div class='template-page content  av-content-small alpha units'><div class='post-entry post-entry-type-page post-entry-800'><div class='entry-content-wrapper clearfix'>\n","protected":false},"excerpt":{"rendered":"","protected":false},"author":1,"featured_media":0,"parent":0,"menu_order":0,"comment_status":"closed","ping_status":"closed","template":"","meta":{"footnotes":""},"class_list":["post-800","page","type-page","status-publish","hentry"],"_links":{"self":[{"href":"https:\/\/b-neo-sensors.com\/de\/wp-json\/wp\/v2\/pages\/800","targetHints":{"allow":["GET"]}}],"collection":[{"href":"https:\/\/b-neo-sensors.com\/de\/wp-json\/wp\/v2\/pages"}],"about":[{"href":"https:\/\/b-neo-sensors.com\/de\/wp-json\/wp\/v2\/types\/page"}],"author":[{"embeddable":true,"href":"https:\/\/b-neo-sensors.com\/de\/wp-json\/wp\/v2\/users\/1"}],"replies":[{"embeddable":true,"href":"https:\/\/b-neo-sensors.com\/de\/wp-json\/wp\/v2\/comments?post=800"}],"version-history":[{"count":120,"href":"https:\/\/b-neo-sensors.com\/de\/wp-json\/wp\/v2\/pages\/800\/revisions"}],"predecessor-version":[{"id":10139,"href":"https:\/\/b-neo-sensors.com\/de\/wp-json\/wp\/v2\/pages\/800\/revisions\/10139"}],"wp:attachment":[{"href":"https:\/\/b-neo-sensors.com\/de\/wp-json\/wp\/v2\/media?parent=800"}],"curies":[{"name":"wp","href":"https:\/\/api.w.org\/{rel}","templated":true}]}}